{"id":77,"date":"2014-12-17T12:21:21","date_gmt":"2014-12-17T12:21:21","guid":{"rendered":"http:\/\/phi-producciones.com.ar\/castellano\/home\/"},"modified":"2025-05-22T18:50:24","modified_gmt":"2025-05-22T21:50:24","slug":"home","status":"publish","type":"page","link":"https:\/\/phi-producciones.com.ar\/castellano\/","title":{"rendered":"Home"},"content":{"rendered":"<section class=\"section  text-normal section-text-no-shadow section-inner-no-shadow section-normal section-opaque\"  >\n            <div class=\"background-media\" style=\"background-image: url(&#039;https:\/\/phi-producciones.com.ar\/castellano\/wp-content\/uploads\/2014\/12\/Producciones-2.jpg&#039;); background-repeat:no-repeat; background-size:cover; background-attachment:no-scroll; background-position: 50% -0%;\" data-start=\"background-position: 50% -132px\" data-0-top-bottom=\"background-position: 50% -85px\">\n                    <\/div>\n    \n    <div class=\"background-overlay grid-overlay-0 \" style=\"background-color: rgba(0,0,0,0.3);\"><\/div>\n\n    <div class=\"container container-vertical-default\">\n        <div class=\"row vertical-default\">\n            <div class=\"col-md-12     text-center small-screen-default\"  ><div class=\"divider-wrapper \" style=\"visibility:hidden;background-color:#FFFFF\">\n    <div class=\"visible-xs\" style=\"height:50px;\"><\/div>\n    <div class=\"visible-sm\" style=\"height:100px;\"><\/div>\n    <div class=\"visible-md\" style=\"height:240px;\"><\/div>\n    <div class=\"visible-lg\" style=\"height:240px;\"><\/div>\n<\/div><h1 class=\"text-center  element-top-0 element-bottom-0 text-light os-animation hyper default\" data-os-animation=\"fadeIn\" data-os-animation-delay=\"0.1s\" >\n    dise\u00f1o y producci\u00f3n<\/h1><h1 class=\"text-center  element-top-0 element-bottom-20 text-light os-animation hyper default\" data-os-animation=\"fadeIn\" data-os-animation-delay=\"0.2s\" >\n    <\/h1><div class=\"figure element-top-0 element-bottom-0  \" data-os-animation=\"none\" data-os-animation-delay=\"0.3s\">\n            <span class=\"figure-image\">\n                    <\/span>\n    <\/div>\n<div class=\"divider-wrapper \" style=\"visibility:hidden;background-color:#FFFFF\">\n    <div class=\"visible-xs\" style=\"height:24px;\"><\/div>\n    <div class=\"visible-sm\" style=\"height:24px;\"><\/div>\n    <div class=\"visible-md\" style=\"height:24px;\"><\/div>\n    <div class=\"visible-lg\" style=\"height:24px;\"><\/div>\n<\/div><div class=\"divider-wrapper \" style=\"visibility:hidden;background-color:#FFFFF\">\n    <div class=\"visible-xs\" style=\"height:50px;\"><\/div>\n    <div class=\"visible-sm\" style=\"height:100px;\"><\/div>\n    <div class=\"visible-md\" style=\"height:100px;\"><\/div>\n    <div class=\"visible-lg\" style=\"height:100px;\"><\/div>\n<\/div><\/div>        <\/div>\n    <\/div>\n<\/section>\n<section class=\"section  text-normal section-text-no-shadow section-inner-no-shadow section-normal section-opaque\"  >\n    \n    <div class=\"background-overlay grid-overlay-0 \" style=\"background-color: rgba(0,0,0,0);\"><\/div>\n\n    <div class=\"container container-vertical-middle\">\n        <div class=\"row vertical-middle\">\n            <div class=\"col-md-3     text-center small-screen-default\"  ><div class=\"col-text-1 text-normal  element-top-20 element-bottom-20\" data-os-animation=\"none\" data-os-animation-delay=\"0s\">\n    <\/div>\n<\/div><div class=\"col-md-6     text-center small-screen-default\"  ><h1 class=\"text-center  element-top-80 element-bottom-0 text-normal os-animation normal default\" data-os-animation=\"fadeIn\" data-os-animation-delay=\"0.1s\" >\n    Somos Phi<\/h1><hr class=\" element-top-20 element-bottom-20\" data-os-animation=\"none\" data-os-animation-delay=\"0s\"><div class=\"col-text-1 text-normal  element-top-0 element-bottom-20 os-animation\" data-os-animation=\"fadeIn\" data-os-animation-delay=\"0.3s\">\n    <p class=\"p1\" style=\"text-align: center;\"><span class=\"s1\">Somos un equipo dedicado a ofrecer soluciones para tu proyecto. Llevamos m\u00e1s de 10 a\u00f1os de experiencia en el mercado local.<\/span><\/p>\n<p class=\"p2\" style=\"text-align: center;\"><span class=\"s1\">Nuestra amplia experiencia en el campo del dise\u00f1o y la producci\u00f3n nos permite incursionar en diferentes \u00e1reas como la cultura, la comunicaci\u00f3n, el espect\u00e1culo y el entretenimiento.<\/span><\/p>\n<p class=\"p2\" style=\"text-align: center;\"><span class=\"s1\">Contamos con un equipo de reconocidos profesionales interdisciplinarios para desarrollar nuestros proyectos de manera exitosa.<\/span><\/p>\n<p>&nbsp;<\/p>\n<p>&nbsp;<\/p>\n<p>&nbsp;<\/p>\n<\/div>\n<\/div><div class=\"col-md-3     text-default small-screen-default\"  ><div class=\"col-text-1 text-normal  element-top-20 element-bottom-20\" data-os-animation=\"none\" data-os-animation-delay=\"0s\">\n    <\/div>\n<\/div>        <\/div>\n    <\/div>\n<\/section>\n<section class=\"section  text-normal section-text-no-shadow section-inner-no-shadow section-normal section-opaque\"  >\n            <div class=\"background-media\" style=\"background-image: url(&#039;https:\/\/phi-producciones.com.ar\/castellano\/wp-content\/uploads\/2014\/12\/Nuestro-trabajo-2.jpg&#039;); background-repeat:no-repeat; background-size:cover; background-attachment:fixed; background-position: 50% 0%;\" data-start=\"background-position: 50% 0px\" data-0-top-bottom=\"background-position: 50% -80px\">\n                    <\/div>\n    \n    <div class=\"background-overlay grid-overlay-0 \" style=\"background-color: rgba(0,0,0,0);\"><\/div>\n\n    <div class=\"container container-vertical-default\">\n        <div class=\"row vertical-default\">\n            <div class=\"col-md-6     text-center small-screen-default\"  ><div class=\"col-text-1 text-normal  element-top-20 element-bottom-20\" data-os-animation=\"none\" data-os-animation-delay=\"0s\">\n    <\/div>\n<\/div><div class=\"col-md-6     text-center small-screen-default\"  ><div class=\"panel   element-top-150 element-bottom-150 os-animation\" data-os-animation=\"fadeIn\" data-os-animation-delay=\"0.4s\">\n        <div class=\"panel-body\" style=\"background-color:rgba(0, 0, 0, 0.69);\">\n        <h1 class=\"text-center  element-top-20 element-bottom-0 text-light os-animation normal default\" data-os-animation=\"fadeIn\" data-os-animation-delay=\"0.1s\" >\n    Nuestro trabajo <\/h1><hr class=\" element-top-20 element-bottom-20\" data-os-animation=\"none\" data-os-animation-delay=\"0s\"><div class=\"col-text-1 text-light  element-top-0 element-bottom-20 os-animation\" data-os-animation=\"fadeIn\" data-os-animation-delay=\"0.3s\">\n    <p class=\"p1\"><span class=\"s1\">Nuestro mayor capital de trabajo es la equilibrada combinaci\u00f3n entre dise\u00f1o y producci\u00f3n, uniendo lo conceptual con lo concreto, haciendo posible que una gran idea se convierta en un gran evento.<\/span><\/p>\n<p class=\"p1\"><span class=\"s1\">Contamos con alianzas estrat\u00e9gicas en los diversos servicios de producci\u00f3n permiti\u00e9ndonos ser muy competitivos en el Mercado.<\/span><\/p>\n<\/div>\n    <\/div>\n<\/div><\/div>        <\/div>\n    <\/div>\n<\/section>\n<section class=\"section  text-normal section-text-no-shadow section-inner-no-shadow section-normal section-opaque\"  >\n    \n    <div class=\"background-overlay grid-overlay-0 \" style=\"background-color: rgba(0,0,0,0);\"><\/div>\n\n    <div class=\"container container-vertical-default\">\n        <div class=\"row vertical-default\">\n            <div class=\"col-md-6     text-default small-screen-default\"  ><ul class=\"features-list  text-normal element-top-0 element-bottom-0\" data-os-animation=\"none\" data-os-animation-delay=\"0s\">\n    <li class=\" element-top-100 element-bottom-0 os-animation\"  data-os-animation=\"fadeInLeft\" data-os-animation-delay=\"0.1s\">\n            <div class=\"features-list-icon box-animate\" data-animation=\"none \" style=\"background-color:#3c3c3c;\">\n            <i class=\"fa fa-gears\" style=\"color:#ffffff;\"><\/i>\n        <\/div>\n        <h3>\n        Producciones Integrales    <\/h3>\n    <p>\n            <\/p>\n<\/li><li class=\" element-top-30 element-bottom-100 os-animation\"  data-os-animation=\"fadeInLeft\" data-os-animation-delay=\"0.2s\">\n            <div class=\"features-list-icon box-animate\" data-animation=\"none \" style=\"background-color:#3c3c3c;\">\n            <i class=\"fa fa-pencil\" style=\"color:#ffffff;\"><\/i>\n        <\/div>\n        <h3>\n        Dise\u00f1o de escenograf\u00edas     <\/h3>\n    <p>\n            <\/p>\n<\/li><\/ul><\/div><div class=\"col-md-6     text-default small-screen-default\"  ><ul class=\"features-list  text-normal element-top-0 element-bottom-0\" data-os-animation=\"none\" data-os-animation-delay=\"0s\">\n    <li class=\" element-top-100 element-bottom-0 os-animation\"  data-os-animation=\"fadeInRight\" data-os-animation-delay=\"0.1s\">\n            <div class=\"features-list-icon box-animate\" data-animation=\"none \" style=\"background-color:#3c3c3c;\">\n            <i class=\"fa fa-check\" style=\"color:#ffffff;\"><\/i>\n        <\/div>\n        <h3>\n        Grandes estructuras    <\/h3>\n    <p>\n            <\/p>\n<\/li><li class=\" element-top-30 element-bottom-100 os-animation\"  data-os-animation=\"fadeInRight\" data-os-animation-delay=\"0.2s\">\n            <div class=\"features-list-icon box-animate\" data-animation=\"none \" style=\"background-color:#3c3c3c;\">\n            <i class=\"fa fa-list-ul\" style=\"color:#ffffff;\"><\/i>\n        <\/div>\n        <h3>\n        Producci\u00f3n de Eventos    <\/h3>\n    <p>\n            <\/p>\n<\/li><\/ul><\/div>        <\/div>\n    <\/div>\n<\/section>\n<section class=\"section  text-normal section-text-no-shadow section-inner-no-shadow section-normal section-opaque\"  >\n    \n    <div class=\"background-overlay grid-overlay-0 \" style=\"background-color: rgba(0,0,0,0);\"><\/div>\n\n    <div class=\"container-fullwidth container-vertical-default\">\n        <div class=\"row vertical-default\">\n            <div class=\"col-md-12     text-center small-screen-default\"  ><\/div>        <\/div>\n    <\/div>\n<\/section>\n<section class=\"section  text-normal section-text-no-shadow section-inner-no-shadow section-normal section-opaque\"  >\n            <div class=\"background-media\" style=\"background-image: url(&#039;&#039;); background-repeat:no-repeat; background-size:cover; background-attachment:fixed; background-position: 50% 0%;\" >\n                    <\/div>\n    \n    <div class=\"background-overlay grid-overlay-0 \" style=\"background-color: rgba(223,223,223,0);\"><\/div>\n\n    <div class=\"container-fullwidth container-vertical-middle\">\n        <div class=\"row vertical-middle\">\n            <div class=\"col-md-6     text-center small-screen-default\"  ><div class=\"row \"><div class=\"col-md-2     text-default small-screen-default\"  ><div class=\"col-text-1 text-normal  element-top-20 element-bottom-20\" data-os-animation=\"none\" data-os-animation-delay=\"0s\">\n    <\/div>\n<\/div><div class=\"col-md-8     text-default small-screen-default\"  ><h1 class=\"text-center  element-top-40 element-bottom-0 text-normal os-animation normal default\" data-os-animation=\"fadeIn\" data-os-animation-delay=\"0.1s\" >\n    Proyectos especiales <\/h1><hr class=\" element-top-20 element-bottom-20\" data-os-animation=\"none\" data-os-animation-delay=\"0s\"><div class=\"col-text-1 text-normal  element-top-0 element-bottom-20 os-animation\" data-os-animation=\"fadeIn\" data-os-animation-delay=\"0.3s\">\n    <p class=\"p1\"><span class=\"s1\">Contamos con la capacidad y los recursos necesarios para poder ofrecer una gran variedad de opciones y soluciones que potencien su emprendimiento<\/span><\/p>\n<\/div>\n<a href=\"https:\/\/phi-producciones.com.ar\/castellano\/galeria\/\" class=\"btn btn-default   text-normal   element-left-0 element-right-0 element-top-20 element-bottom-40\" target=\"_self\"   data-os-animation=\"none\" data-os-animation-delay=\"0s\">\n\t    Galeria     <\/a><\/div><div class=\"col-md-2     text-default small-screen-default\"  ><div class=\"col-text-1 text-normal  element-top-20 element-bottom-20\" data-os-animation=\"none\" data-os-animation-delay=\"0s\">\n    <\/div>\n<\/div><\/div><\/div><div class=\"col-md-6     text-center small-screen-default\"  ><div class=\"figure element-top-0 element-bottom-0   os-animation\" data-os-animation=\"fadeInRight\" data-os-animation-delay=\"0.5s\">\n            <span class=\"figure-image\">\n        <img loading=\"lazy\" decoding=\"async\" width=\"2835\" height=\"1886\" src=\"https:\/\/phi-producciones.com.ar\/castellano\/wp-content\/uploads\/2014\/12\/Proyectos-especiales-1.jpg\" class=\"attachment-full size-full\" alt=\"\" srcset=\"https:\/\/phi-producciones.com.ar\/castellano\/wp-content\/uploads\/2014\/12\/Proyectos-especiales-1.jpg 2835w, https:\/\/phi-producciones.com.ar\/castellano\/wp-content\/uploads\/2014\/12\/Proyectos-especiales-1-300x200.jpg 300w, https:\/\/phi-producciones.com.ar\/castellano\/wp-content\/uploads\/2014\/12\/Proyectos-especiales-1-768x511.jpg 768w, https:\/\/phi-producciones.com.ar\/castellano\/wp-content\/uploads\/2014\/12\/Proyectos-especiales-1-1024x681.jpg 1024w, https:\/\/phi-producciones.com.ar\/castellano\/wp-content\/uploads\/2014\/12\/Proyectos-especiales-1-600x400.jpg 600w\" sizes=\"auto, (max-width: 2835px) 100vw, 2835px\" \/>            <\/span>\n    <\/div>\n<\/div>        <\/div>\n    <\/div>\n<\/section>\n<section class=\"section  text-normal section-text-no-shadow section-inner-no-shadow section-normal section-opaque\"  >\n    \n    <div class=\"background-overlay grid-overlay-0 \" style=\"background-color: rgba(0,0,0,0);\"><\/div>\n\n    <div class=\"container-fullwidth container-vertical-default\">\n        <div class=\"row vertical-default\">\n            <div class=\"col-md-12     text-default small-screen-default\"  ><div class=\"portfolio-container  element-top-0 element-bottom-0 text-normal\"><div class=\"row\">\r\n    <div class=\"col-md-12\">\r\n        <div class=\"portfolio-header clearfix\">\r\n                        <div class=\"portfolio-filters pull-right\">\r\n                                                            <\/div>\r\n        <\/div>\r\n    <\/div>\r\n<\/div>\r\n<div class=\"portfolio masonry no-transition\" data-padding=\"0\" data-col-xs=\"3\" data-col-sm=\"3\" data-col-md=\"3\" data-col-lg=\"3\" data-layout=\"fitRows\">\n                \n            <div class=\"masonry-item portfolio-item \" data-menu-order=\"1\" data-date=\"2025-05-22T10:42:39-03:00\" data-title=\"Iplan 25 a\u00f1os\" data-comments=\"0\">\n                <div class=\"figure  element-top-0 element-bottom-0 image-filter-none image-filter-onhover fade-in text-center figcaption-middle normalwidth\" data-os-animation=\"none\" data-os-animation-delay=\"0s\">\n            <a href=\"https:\/\/phi-producciones.com.ar\/castellano\/wp-content\/uploads\/2025\/05\/Portada-IPLAN-e1747922167905.jpg\" title=\"\" class=\"figure-image magnific-gallery image-all\" data-links=\"https:\/\/phi-producciones.com.ar\/castellano\/wp-content\/uploads\/2025\/05\/24.09.19_iPlan25_deco_7.jpg,https:\/\/phi-producciones.com.ar\/castellano\/wp-content\/uploads\/2025\/05\/24.09.19_iPlan25_show_46.jpg,https:\/\/phi-producciones.com.ar\/castellano\/wp-content\/uploads\/2025\/05\/24.09.19_iPlan25_show_43.jpg,https:\/\/phi-producciones.com.ar\/castellano\/wp-content\/uploads\/2025\/05\/Iplan_Turf_98.jpg,https:\/\/phi-producciones.com.ar\/castellano\/wp-content\/uploads\/2025\/05\/24.09.19_iPlan25_show_12.jpg,https:\/\/phi-producciones.com.ar\/castellano\/wp-content\/uploads\/2025\/05\/24.09.19_iPlan25_show_17.jpg,https:\/\/phi-producciones.com.ar\/castellano\/wp-content\/uploads\/2025\/05\/24.09.19_iPlan25_show_27.jpg,https:\/\/phi-producciones.com.ar\/castellano\/wp-content\/uploads\/2025\/05\/24.09.19_iPlan25_show_8.jpg,https:\/\/phi-producciones.com.ar\/castellano\/wp-content\/uploads\/2025\/05\/Iplan_Turf_44.jpg,https:\/\/phi-producciones.com.ar\/castellano\/wp-content\/uploads\/2025\/05\/Iplan_Turf_27.jpg,https:\/\/phi-producciones.com.ar\/castellano\/wp-content\/uploads\/2025\/05\/24.09.19_iPlan25_show_6.jpg,https:\/\/phi-producciones.com.ar\/castellano\/wp-content\/uploads\/2025\/05\/24.09.19_iPlan25_show_4.jpg,https:\/\/phi-producciones.com.ar\/castellano\/wp-content\/uploads\/2025\/05\/24.09.19_iPlan25_show_1.jpg,https:\/\/phi-producciones.com.ar\/castellano\/wp-content\/uploads\/2025\/05\/24.09.19_iPlan25_Iplan_oradores_8.jpg,https:\/\/phi-producciones.com.ar\/castellano\/wp-content\/uploads\/2025\/05\/24.09.19_iPlan25_Iplan_oradores_33.jpg,https:\/\/phi-producciones.com.ar\/castellano\/wp-content\/uploads\/2025\/05\/24.09.19_iPlan25_deco_26.jpg,https:\/\/phi-producciones.com.ar\/castellano\/wp-content\/uploads\/2025\/05\/24.09.19_iPlan25_deco_25.jpg,https:\/\/phi-producciones.com.ar\/castellano\/wp-content\/uploads\/2025\/05\/24.09.19_iPlan25_deco_22.jpg,https:\/\/phi-producciones.com.ar\/castellano\/wp-content\/uploads\/2025\/05\/24.09.19_iPlan25_backstage_2.jpg\" data-captions=\",,,,,,,,,,,,,,,,,,\" target=\"_self\">\n        <img loading=\"lazy\" decoding=\"async\" width=\"550\" height=\"411\" src=\"https:\/\/phi-producciones.com.ar\/castellano\/wp-content\/uploads\/2025\/05\/Portada-IPLAN-e1747922167905.jpg\" class=\"normalwidth\" alt=\"Iplan 25 a\u00f1os\" srcset=\"https:\/\/phi-producciones.com.ar\/castellano\/wp-content\/uploads\/2025\/05\/Portada-IPLAN-e1747922167905.jpg 550w, https:\/\/phi-producciones.com.ar\/castellano\/wp-content\/uploads\/2025\/05\/Portada-IPLAN-e1747922167905-300x224.jpg 300w\" sizes=\"auto, (max-width: 550px) 100vw, 550px\" \/>        <div class=\"figure-overlay grid-overlay-0\">\n        <div class=\"figure-overlay-container\">\n                            <div class=\"figure-caption\">\n                    <h3 class=\"figure-caption-title bordered bordered-small\">Iplan 25 a\u00f1os<\/h3>\n                    <p class=\"figure-caption-description\">Dise\u00f1o y producci\u00f3n para 25 a\u00f1os IPLAN<\/p>\n                <\/div>\n                    <\/div>\n    <\/div>\n    \n            <\/a>\n    \n<\/div>            <\/div>\n                        \n            <div class=\"masonry-item portfolio-item filter-diseno-de-espacios filter-diseno-de-evento filter-diseno-escenografico filter-diseno-grafico filter-interior filter-outdoor filter-produccion-integral\" data-menu-order=\"2\" data-date=\"2025-05-22T12:13:23-03:00\" data-title=\"100 a\u00f1os Embajada de Italia en Argentina\" data-comments=\"0\">\n                <div class=\"figure  element-top-0 element-bottom-0 image-filter-none image-filter-onhover fade-in text-center figcaption-middle normalwidth\" data-os-animation=\"none\" data-os-animation-delay=\"0s\">\n            <a href=\"https:\/\/phi-producciones.com.ar\/castellano\/wp-content\/uploads\/2025\/05\/IMG_0905-scaled-e1747926570621.jpg\" title=\"\" class=\"figure-image magnific-gallery image-all\" data-links=\"https:\/\/phi-producciones.com.ar\/castellano\/wp-content\/uploads\/2025\/05\/IMG_0899-scaled-e1747926504943.jpg,https:\/\/phi-producciones.com.ar\/castellano\/wp-content\/uploads\/2025\/05\/241105VGV-0457_DSC8240-scaled-e1747926201605.jpg,https:\/\/phi-producciones.com.ar\/castellano\/wp-content\/uploads\/2025\/05\/IMG_0893-scaled-e1747926491846.jpg,https:\/\/phi-producciones.com.ar\/castellano\/wp-content\/uploads\/2025\/05\/241105VGV-0415_DSC8208-scaled-e1747926173806.jpg,https:\/\/phi-producciones.com.ar\/castellano\/wp-content\/uploads\/2025\/05\/241106VGV-1013-scaled-e1747926304990.jpg,https:\/\/phi-producciones.com.ar\/castellano\/wp-content\/uploads\/2025\/05\/241105VGV-0426_DSC8216-scaled-e1747926189476.jpg,https:\/\/phi-producciones.com.ar\/castellano\/wp-content\/uploads\/2025\/05\/241105VGV-0498_DSC8273-scaled-e1747926269236.jpg,https:\/\/phi-producciones.com.ar\/castellano\/wp-content\/uploads\/2025\/05\/241105VGV-0459_DSC8244-scaled-e1747926221381.jpg,https:\/\/phi-producciones.com.ar\/castellano\/wp-content\/uploads\/2025\/05\/241105VGV-1024-scaled-e1747926293169.jpg,https:\/\/phi-producciones.com.ar\/castellano\/wp-content\/uploads\/2025\/05\/241105VGV-0481_DSC8254-scaled-e1747926257907.jpg,https:\/\/phi-producciones.com.ar\/castellano\/wp-content\/uploads\/2025\/05\/241105VGV-0460_DSC8245-scaled-e1747926236241.jpg,https:\/\/phi-producciones.com.ar\/castellano\/wp-content\/uploads\/2025\/05\/241105VGV-0609_DSC4590-scaled-e1747926279437.jpg,https:\/\/phi-producciones.com.ar\/castellano\/wp-content\/uploads\/2025\/05\/IMG_0856-scaled-e1747926325269.jpg,https:\/\/phi-producciones.com.ar\/castellano\/wp-content\/uploads\/2025\/05\/IMG_0885-scaled-e1747926348425.jpg,https:\/\/phi-producciones.com.ar\/castellano\/wp-content\/uploads\/2025\/05\/IMG_0877-scaled.jpg\" data-captions=\",,,,,,,,,,,,,,\" target=\"_self\">\n        <img loading=\"lazy\" decoding=\"async\" width=\"800\" height=\"600\" src=\"https:\/\/phi-producciones.com.ar\/castellano\/wp-content\/uploads\/2025\/05\/IMG_0905-800x600.jpg\" class=\"normalwidth\" alt=\"100 a\u00f1os Embajada de Italia en Argentina\" srcset=\"https:\/\/phi-producciones.com.ar\/castellano\/wp-content\/uploads\/2025\/05\/IMG_0905-800x600.jpg 800w, https:\/\/phi-producciones.com.ar\/castellano\/wp-content\/uploads\/2025\/05\/IMG_0905-300x225.jpg 300w, https:\/\/phi-producciones.com.ar\/castellano\/wp-content\/uploads\/2025\/05\/IMG_0905-1024x768.jpg 1024w, https:\/\/phi-producciones.com.ar\/castellano\/wp-content\/uploads\/2025\/05\/IMG_0905-768x576.jpg 768w, https:\/\/phi-producciones.com.ar\/castellano\/wp-content\/uploads\/2025\/05\/IMG_0905-1536x1152.jpg 1536w, https:\/\/phi-producciones.com.ar\/castellano\/wp-content\/uploads\/2025\/05\/IMG_0905-2048x1536.jpg 2048w, https:\/\/phi-producciones.com.ar\/castellano\/wp-content\/uploads\/2025\/05\/IMG_0905-scaled-e1747926570621.jpg 600w\" sizes=\"auto, (max-width: 800px) 100vw, 800px\" \/>        <div class=\"figure-overlay grid-overlay-0\">\n        <div class=\"figure-overlay-container\">\n                            <div class=\"figure-caption\">\n                    <h3 class=\"figure-caption-title bordered bordered-small\">100 a\u00f1os Embajada de Italia en Argentina<\/h3>\n                    <p class=\"figure-caption-description\">Dise\u00f1o y producci\u00f3n<\/p>\n                <\/div>\n                    <\/div>\n    <\/div>\n    \n            <\/a>\n    \n<\/div>            <\/div>\n                        \n            <div class=\"masonry-item portfolio-item filter-produccion-tecnica\" data-menu-order=\"3\" data-date=\"2025-05-22T12:38:11-03:00\" data-title=\"Mapping American Express Platinum\" data-comments=\"0\">\n                <div class=\"figure  element-top-0 element-bottom-0 image-filter-none image-filter-onhover fade-in text-center figcaption-middle normalwidth\" data-os-animation=\"none\" data-os-animation-delay=\"0s\">\n            <a href=\"https:\/\/phi-producciones.com.ar\/castellano\/wp-content\/uploads\/2025\/05\/Portada-Site-AMEX-e1747928064604.jpg\" title=\"\" class=\"figure-image magnific-gallery image-all\" data-links=\"https:\/\/phi-producciones.com.ar\/castellano\/wp-content\/uploads\/2025\/05\/IMG_0205-scaled-e1747928153435.jpg,https:\/\/phi-producciones.com.ar\/castellano\/wp-content\/uploads\/2025\/05\/IMG_0245-2-scaled-e1747928101659.jpg,https:\/\/phi-producciones.com.ar\/castellano\/wp-content\/uploads\/2025\/05\/d07d8bd8-a118-4b1e-a79a-dfa66f76cb34.jpg,https:\/\/phi-producciones.com.ar\/castellano\/wp-content\/uploads\/2025\/05\/bf6fd623-3eb7-4e8e-b568-6978d0ed9f50.jpg,https:\/\/phi-producciones.com.ar\/castellano\/wp-content\/uploads\/2025\/05\/b478a348-232e-4676-80a4-7e3fe9d1a125.jpg,https:\/\/phi-producciones.com.ar\/castellano\/wp-content\/uploads\/2025\/05\/ab97013c-99eb-4581-96cc-f54be703f263.jpg,https:\/\/phi-producciones.com.ar\/castellano\/wp-content\/uploads\/2025\/05\/4505064e-0192-4060-bb82-cdf7c475f5e5.jpg,https:\/\/phi-producciones.com.ar\/castellano\/wp-content\/uploads\/2025\/05\/IMG_0257-2-scaled-e1747928076607.jpg,https:\/\/phi-producciones.com.ar\/castellano\/wp-content\/uploads\/2025\/05\/IMG_0255-2-scaled-e1747928087141.jpg,https:\/\/phi-producciones.com.ar\/castellano\/wp-content\/uploads\/2025\/05\/IMG_0216-scaled-e1747928134708.jpg,https:\/\/phi-producciones.com.ar\/castellano\/wp-content\/uploads\/2025\/05\/IMG_0212-scaled-e1747928144529.jpg,https:\/\/phi-producciones.com.ar\/castellano\/wp-content\/uploads\/2025\/05\/IMG_0233-2-scaled-e1747928124698.jpg,https:\/\/phi-producciones.com.ar\/castellano\/wp-content\/uploads\/2025\/05\/IMG_0237-2-scaled-e1747928114830.jpg\" data-captions=\",,,,,,,,,,,,\" target=\"_self\">\n        <img loading=\"lazy\" decoding=\"async\" width=\"800\" height=\"600\" src=\"https:\/\/phi-producciones.com.ar\/castellano\/wp-content\/uploads\/2025\/05\/Portada-Site-AMEX-800x600.jpg\" class=\"normalwidth\" alt=\"Mapping American Express Platinum\" srcset=\"https:\/\/phi-producciones.com.ar\/castellano\/wp-content\/uploads\/2025\/05\/Portada-Site-AMEX-800x600.jpg 800w, https:\/\/phi-producciones.com.ar\/castellano\/wp-content\/uploads\/2025\/05\/Portada-Site-AMEX-e1747928064604-300x225.jpg 300w, https:\/\/phi-producciones.com.ar\/castellano\/wp-content\/uploads\/2025\/05\/Portada-Site-AMEX-e1747928064604.jpg 550w\" sizes=\"auto, (max-width: 800px) 100vw, 800px\" \/>        <div class=\"figure-overlay grid-overlay-0\">\n        <div class=\"figure-overlay-container\">\n                            <div class=\"figure-caption\">\n                    <h3 class=\"figure-caption-title bordered bordered-small\">Mapping American Express Platinum<\/h3>\n                    <p class=\"figure-caption-description\">Producci\u00f3n t\u00e9cnica.<\/p>\n                <\/div>\n                    <\/div>\n    <\/div>\n    \n            <\/a>\n    \n<\/div>            <\/div>\n            <\/div>\n<\/div><\/div>        <\/div>\n    <\/div>\n<\/section>\n","protected":false},"excerpt":{"rendered":"Producci\u00f3n t\u00e9cnica.","protected":false},"author":1,"featured_media":0,"parent":0,"menu_order":0,"comment_status":"open","ping_status":"open","template":"","meta":{"footnotes":""},"class_list":["post-77","page","type-page","status-publish","hentry"],"_links":{"self":[{"href":"https:\/\/phi-producciones.com.ar\/castellano\/wp-json\/wp\/v2\/pages\/77","targetHints":{"allow":["GET"]}}],"collection":[{"href":"https:\/\/phi-producciones.com.ar\/castellano\/wp-json\/wp\/v2\/pages"}],"about":[{"href":"https:\/\/phi-producciones.com.ar\/castellano\/wp-json\/wp\/v2\/types\/page"}],"author":[{"embeddable":true,"href":"https:\/\/phi-producciones.com.ar\/castellano\/wp-json\/wp\/v2\/users\/1"}],"replies":[{"embeddable":true,"href":"https:\/\/phi-producciones.com.ar\/castellano\/wp-json\/wp\/v2\/comments?post=77"}],"version-history":[{"count":17,"href":"https:\/\/phi-producciones.com.ar\/castellano\/wp-json\/wp\/v2\/pages\/77\/revisions"}],"predecessor-version":[{"id":840,"href":"https:\/\/phi-producciones.com.ar\/castellano\/wp-json\/wp\/v2\/pages\/77\/revisions\/840"}],"wp:attachment":[{"href":"https:\/\/phi-producciones.com.ar\/castellano\/wp-json\/wp\/v2\/media?parent=77"}],"curies":[{"name":"wp","href":"https:\/\/api.w.org\/{rel}","templated":true}]}}